{"id":6,"date":"2012-08-19T18:21:31","date_gmt":"2012-08-19T16:21:31","guid":{"rendered":"http:\/\/wp11061300.wp371.webpack.hosteurope.de\/dfvg\/?page_id=6"},"modified":"2025-08-17T13:35:14","modified_gmt":"2025-08-17T11:35:14","slug":"partnerschaft-mit-der-gemeinde-lyons-la-foret","status":"publish","type":"page","link":"https:\/\/dfvg.grafrath-staedtepartner.de\/?page_id=6","title":{"rendered":"Partnerschaft"},"content":{"rendered":"<p><strong>Lyons-la-For\u00eat<\/strong> ist eine <a title=\"Gemeinde (Frankreich)\" href=\"http:\/\/de.wikipedia.org\/wiki\/Gemeinde_%28Frankreich%29\">Gemeinde<\/a> mit 751 Einwohnern (Stand 1.\u00a0Januar 2009) im Norden <a title=\"Frankreich\" href=\"http:\/\/de.wikipedia.org\/wiki\/Frankreich\">Frankreichs<\/a> im <a title=\"D\u00e9partement Eure\" href=\"http:\/\/de.wikipedia.org\/wiki\/D%C3%A9partement_Eure\">D\u00e9partement Eure<\/a> in der <a title=\"Region (Frankreich)\" href=\"http:\/\/de.wikipedia.org\/wiki\/Region_%28Frankreich%29\">Region<\/a> <a title=\"Haute-Normandie\" href=\"http:\/\/de.wikipedia.org\/wiki\/Haute-Normandie\">Haute-Normandie<\/a>. Sie ist als eines der <a title=\"Die sch\u00f6nsten D\u00f6rfer Frankreichs\" href=\"http:\/\/de.wikipedia.org\/wiki\/Die_sch%C3%B6nsten_D%C3%B6rfer_Frankreichs\">sch\u00f6nsten D\u00f6rfer Frankreichs<\/a> klassifiziert.<\/p>\n<p><strong>Webseite:<\/strong> <a href=\"http:\/\/lyons.jumelage.online.fr\/\">http:\/\/lyons.jumelage.online.fr\/<\/a><\/p>\n<h2>Geografie<\/h2>\n<p>Lyons-la-For\u00eat liegt im <a title=\"Vexin\" href=\"http:\/\/de.wikipedia.org\/wiki\/Vexin\">Vexin<\/a> im <a title=\"Staatswald\" href=\"http:\/\/de.wikipedia.org\/wiki\/Staatswald\">Staatswald<\/a> <em>For\u00eat domaniale de Lyons<\/em> an dem Bach <a title=\"Lieure (Seite nicht vorhanden)\" href=\"http:\/\/de.wikipedia.org\/w\/index.php?title=Lieure&amp;action=edit&amp;redlink=1\">Lieure<\/a>, etwa 34 Kilometer \u00f6stlich von <a title=\"Rouen\" href=\"http:\/\/de.wikipedia.org\/wiki\/Rouen\">Rouen<\/a>.<img loading=\"lazy\" decoding=\"async\" class=\"alignright wp-image-398\" src=\"http:\/\/dfvg.grafrath-staedtepartner.de\/wp-content\/uploads\/2016\/12\/Lyons-la-Foret.8.gif\" alt=\"\" width=\"586\" height=\"368\" \/><\/p>\n<h2>Geschichte<\/h2>\n<p><a title=\"Wilhelm I. (England)\" href=\"http:\/\/de.wikipedia.org\/wiki\/Wilhelm_I._%28England%29\">Wilhelm der Eroberer<\/a> lie\u00df hier eine erste Burg erbauen. Seine S\u00f6hne vergr\u00f6\u00dferten den Ort und der J\u00fcngste, <a title=\"Heinrich I. (England)\" href=\"http:\/\/de.wikipedia.org\/wiki\/Heinrich_I._%28England%29\">Heinrich der I.<\/a>, starb in der Burg im Jahre 1135. Im 16. Jahrhundert wurden die Burg und die Stadtmauer zerst\u00f6rt. \u00dcberreste sind noch zum Teil erhalten.<\/p>\n<p>Im Zweiten Weltkrieg wurde das Dorf verschont, kein Haus wurde besch\u00e4digt.<\/p>\n<h2>Kultur und Sehensw\u00fcrdigkeiten<\/h2>\n<p>Lyons-la-For\u00eat ist mit vier Blumen im <em><a title=\"Conseil national des villes et villages fleuris\" href=\"http:\/\/de.wikipedia.org\/wiki\/Conseil_national_des_villes_et_villages_fleuris\">Conseil national des villes et villages fleuris<\/a><\/em> (Nationalrat der bebl\u00fcmten St\u00e4dte und D\u00f6rfer) vertreten.<sup id=\"cite_ref-1\"><a href=\"http:\/\/de.wikipedia.org\/wiki\/Lyons-la-For%C3%AAt#cite_note-1\">[2]<\/a><\/sup> Die \u201eBlumen\u201c werden im Zuge eines regionalen Wettbewerbs verliehen, wobei maximal drei Blumen erreicht werden k\u00f6nnen. Die regionale Jury entscheidet, welche Gemeinden sich um die vierte Blume bewerben d\u00fcrfen, die von der nationalen Jury verliehen wird.<\/p>\n<p>Der Staatswald von Lyons ist einer der sch\u00f6nsten <a title=\"Buchen\" href=\"http:\/\/de.wikipedia.org\/wiki\/Buchen\">Buchenw\u00e4lder<\/a> Frankreichs und beherbergt viele B\u00e4ume, die mehrere Jahrhunderte alt sind. Im <a title=\"Mittelalter\" href=\"http:\/\/de.wikipedia.org\/wiki\/Mittelalter\">Mittelalter<\/a> war er einer der bevorzugten Jagdorte der <a title=\"Herzog\" href=\"http:\/\/de.wikipedia.org\/wiki\/Herzog\">Herz\u00f6ge<\/a> der <a title=\"Normandie\" href=\"http:\/\/de.wikipedia.org\/wiki\/Normandie\">Normandie<\/a>. Im Westen wird der Wald von der <a title=\"Andelle\" href=\"http:\/\/de.wikipedia.org\/wiki\/Andelle\">Andelle<\/a> begrenzt, auf der im 18. Jahrhundert Bauholz \u00fcber die <a title=\"Seine\" href=\"http:\/\/de.wikipedia.org\/wiki\/Seine\">Seine<\/a> bis nach <a title=\"Paris\" href=\"http:\/\/de.wikipedia.org\/wiki\/Paris\">Paris<\/a> transportiert wurde. Leider wurde der Wald durch den <a title=\"Orkan Lothar\" href=\"http:\/\/de.wikipedia.org\/wiki\/Orkan_Lothar\">Orkan Lothar<\/a> im Dezember 1999 stark gesch\u00e4digt.<\/p>\n<p><a title=\"Claude Chabrol\" href=\"http:\/\/de.wikipedia.org\/wiki\/Claude_Chabrol\">Claude Chabrol<\/a> drehte den Film <a title=\"Madame Bovary (1991)\" href=\"http:\/\/de.wikipedia.org\/wiki\/Madame_Bovary_%281991%29\">Madame Bovary<\/a> in Lyons-la-For\u00eat.<sup id=\"cite_ref-2\"><a href=\"http:\/\/de.wikipedia.org\/wiki\/Lyons-la-For%C3%AAt#cite_note-2\">[3]<\/a><\/sup><\/p>\n<h2>Namensherkunft<\/h2>\n<p>Das Dorf wurde als <em>Saint-Denis-en-Lyons<\/em>, d.h. im (Wald) Lyons, sp\u00e4ter auch als <em>Lihons en Normandie<\/em> (1352, 1481) und sogar als <em>Lions le chastel<\/em> (1391) erw\u00e4hnt.<\/p>\n<h2>Wirtschaft<\/h2>\n<p>Auf dem Gemeindegebiet gelten <a title=\"Gesch\u00fctzte Ursprungsbezeichnung\" href=\"http:\/\/de.wikipedia.org\/wiki\/Gesch%C3%BCtzte_Ursprungsbezeichnung#Indication_g.C3.A9ographique_prot.C3.A9g.C3.A9e_.28IGP.29\">gesch\u00fctzte geographische Angaben<\/a> <em>(IGP)<\/em> f\u00fcr <a title=\"Schweinefleisch\" href=\"http:\/\/de.wikipedia.org\/wiki\/Schweinefleisch\">Schweinefleisch<\/a> <em>(Porc de Normandie)<\/em>, <a title=\"Gefl\u00fcgel\" href=\"http:\/\/de.wikipedia.org\/wiki\/Gefl%C3%BCgel\">Gefl\u00fcgel<\/a> <em>(Volailles de Normandie)<\/em> und Cidre <em>(Cidre de Normandie<\/em> und <em>Cidre normand)<\/em>.<sup id=\"cite_ref-annu_3-0\"><a href=\"http:\/\/de.wikipedia.org\/wiki\/Lyons-la-For%C3%AAt#cite_note-annu-3\">[4]<\/a><\/sup><\/p>\n<h2>Pers\u00f6nlichkeiten<\/h2>\n<h3>S\u00f6hne und T\u00f6chter der Gemeinde<\/h3>\n<ul>\n<li><a title=\"Enguerrand de Marigny\" href=\"http:\/\/de.wikipedia.org\/wiki\/Enguerrand_de_Marigny\">Enguerrand de Marigny<\/a> (1260\u20131315), Kammerherr von K\u00f6nig <a title=\"Philipp IV. (Frankreich)\" href=\"http:\/\/de.wikipedia.org\/wiki\/Philipp_IV._%28Frankreich%29\">Philipp IV.<\/a><\/li>\n<li><a title=\"Isaac de Benserade\" href=\"http:\/\/de.wikipedia.org\/wiki\/Isaac_de_Benserade\">Isaac de Benserade<\/a> (1612\/1613\u20131691), Dichter am Hofe <a title=\"Ludwig XIV.\" href=\"http:\/\/de.wikipedia.org\/wiki\/Ludwig_XIV.\">Ludwigs XIV.<\/a><\/li>\n<\/ul>\n<h3>Pers\u00f6nlichkeiten, die im Ort gewirkt haben<\/h3>\n<ul>\n<li><a title=\"Maurice Ravel\" href=\"http:\/\/de.wikipedia.org\/wiki\/Maurice_Ravel\">Maurice Ravel<\/a> (1875\u20131937), franz\u00f6sischer Komponist, der von 1917 bis 1920 hier lebte<\/li>\n<\/ul>\n<p>&nbsp;<\/p>\n","protected":false},"excerpt":{"rendered":"<p>Lyons-la-For\u00eat ist eine Gemeinde mit 751 Einwohnern (Stand 1.\u00a0Januar 2009) im Norden Frankreichs im D\u00e9partement Eure in der Region Haute-Normandie. Sie ist als eines der sch\u00f6nsten D\u00f6rfer Frankreichs klassifiziert. Webseite: http:\/\/lyons.jumelage.online.fr\/ Geografie Lyons-la-For\u00eat liegt im Vexin im Staatswald For\u00eat domaniale &hellip; <a href=\"https:\/\/dfvg.grafrath-staedtepartner.de\/?page_id=6\">Weiterlesen <span class=\"meta-nav\">&rarr;<\/span><\/a><\/p>\n","protected":false},"author":1,"featured_media":0,"parent":0,"menu_order":50,"comment_status":"closed","ping_status":"closed","template":"","meta":{"footnotes":""},"class_list":["post-6","page","type-page","status-publish","hentry"],"jetpack_sharing_enabled":true,"_links":{"self":[{"href":"https:\/\/dfvg.grafrath-staedtepartner.de\/index.php?rest_route=\/wp\/v2\/pages\/6","targetHints":{"allow":["GET"]}}],"collection":[{"href":"https:\/\/dfvg.grafrath-staedtepartner.de\/index.php?rest_route=\/wp\/v2\/pages"}],"about":[{"href":"https:\/\/dfvg.grafrath-staedtepartner.de\/index.php?rest_route=\/wp\/v2\/types\/page"}],"author":[{"embeddable":true,"href":"https:\/\/dfvg.grafrath-staedtepartner.de\/index.php?rest_route=\/wp\/v2\/users\/1"}],"replies":[{"embeddable":true,"href":"https:\/\/dfvg.grafrath-staedtepartner.de\/index.php?rest_route=%2Fwp%2Fv2%2Fcomments&post=6"}],"version-history":[{"count":12,"href":"https:\/\/dfvg.grafrath-staedtepartner.de\/index.php?rest_route=\/wp\/v2\/pages\/6\/revisions"}],"predecessor-version":[{"id":846,"href":"https:\/\/dfvg.grafrath-staedtepartner.de\/index.php?rest_route=\/wp\/v2\/pages\/6\/revisions\/846"}],"wp:attachment":[{"href":"https:\/\/dfvg.grafrath-staedtepartner.de\/index.php?rest_route=%2Fwp%2Fv2%2Fmedia&parent=6"}],"curies":[{"name":"wp","href":"https:\/\/api.w.org\/{rel}","templated":true}]}}