{"id":140,"date":"2014-10-07T10:48:54","date_gmt":"2014-10-07T08:48:54","guid":{"rendered":"http:\/\/dfvg.grafrath-staedtepartner.de\/?page_id=140"},"modified":"2018-01-17T22:04:21","modified_gmt":"2018-01-17T21:04:21","slug":"vereinsgeschichte","status":"publish","type":"page","link":"https:\/\/dfvg.grafrath-staedtepartner.de\/?page_id=140","title":{"rendered":"Vereinsgeschichte"},"content":{"rendered":"<p>W\u00e4hrend einer Urlaubsreise landete Klaus Nerlich zuf\u00e4llig in einem Hotel in der wundersch\u00f6nen normannischen Gemeinde Lyons-la-For\u00eat. Die Wirtin, zugleich Gemeinder\u00e4tin, fragte nach einer m\u00f6glichen Partnergemeinde in Deutschland. So entstand der erste Kontakt.<\/p>\n<p><a href=\"http:\/\/dfvg.grafrath-staedtepartner.de\/wp-content\/uploads\/2016\/01\/Lyons-la-Foret_101b.jpg\"><img loading=\"lazy\" decoding=\"async\" class=\"alignnone wp-image-192\" src=\"http:\/\/dfvg.grafrath-staedtepartner.de\/wp-content\/uploads\/2016\/01\/Lyons-la-Foret_101b-300x188.jpg\" alt=\"Lyons la Foret_101b\" width=\"505\" height=\"324\" \/><\/a><\/p>\n<p>Lyons-la-Foret z\u00e4hlt zu den sch\u00f6nsten D\u00f6rfern in Frankreich. \u00a0Es ist ein alter gewachsener Ort mit einer echten und zugleich malerischen Ortsmitte, mit einer ehrw\u00fcrdigen h\u00f6lzernen Markthalle mitten auf dem Marktplatz. Gemeinsamkeiten ergeben sich aus der Musik: so wie in Grafrath der Komponist Carl Orff einige Jahre gelebt hat, so beherbergte Lyons mehrere Jahre Maurice Ravel.<\/p>\n<p>Schon zu Pfingsten des Jahres 2011 &#8211; erst zwei \u00a0Jahre nach dem ersten Kontakt &#8211; besuchte eine Grafrather Gemeinderatsdelegation mit B\u00fcrgermeister Dr. Hagenguth, Kulturreferentin Marion Kapsch und\u00a0 interessierten Gemeinder\u00e4ten das normannische Dorf Lyons-la-Foret, wo sie mit gro\u00dfer Herzlichkeit aufgenommen wurden. Im Rahmen des folgenden Weihnachtsmarktes erfolgte jetzt der Gegenbesuch.<\/p>\n","protected":false},"excerpt":{"rendered":"<p>W\u00e4hrend einer Urlaubsreise landete Klaus Nerlich zuf\u00e4llig in einem Hotel in der wundersch\u00f6nen normannischen Gemeinde Lyons-la-For\u00eat. Die Wirtin, zugleich Gemeinder\u00e4tin, fragte nach einer m\u00f6glichen Partnergemeinde in Deutschland. So entstand der erste Kontakt. Lyons-la-Foret z\u00e4hlt zu den sch\u00f6nsten D\u00f6rfern in Frankreich. &hellip; <a href=\"https:\/\/dfvg.grafrath-staedtepartner.de\/?page_id=140\">Weiterlesen <span class=\"meta-nav\">&rarr;<\/span><\/a><\/p>\n","protected":false},"author":6,"featured_media":0,"parent":0,"menu_order":30,"comment_status":"closed","ping_status":"closed","template":"","meta":{"footnotes":""},"class_list":["post-140","page","type-page","status-publish","hentry"],"jetpack_sharing_enabled":true,"_links":{"self":[{"href":"https:\/\/dfvg.grafrath-staedtepartner.de\/index.php?rest_route=\/wp\/v2\/pages\/140","targetHints":{"allow":["GET"]}}],"collection":[{"href":"https:\/\/dfvg.grafrath-staedtepartner.de\/index.php?rest_route=\/wp\/v2\/pages"}],"about":[{"href":"https:\/\/dfvg.grafrath-staedtepartner.de\/index.php?rest_route=\/wp\/v2\/types\/page"}],"author":[{"embeddable":true,"href":"https:\/\/dfvg.grafrath-staedtepartner.de\/index.php?rest_route=\/wp\/v2\/users\/6"}],"replies":[{"embeddable":true,"href":"https:\/\/dfvg.grafrath-staedtepartner.de\/index.php?rest_route=%2Fwp%2Fv2%2Fcomments&post=140"}],"version-history":[{"count":7,"href":"https:\/\/dfvg.grafrath-staedtepartner.de\/index.php?rest_route=\/wp\/v2\/pages\/140\/revisions"}],"predecessor-version":[{"id":563,"href":"https:\/\/dfvg.grafrath-staedtepartner.de\/index.php?rest_route=\/wp\/v2\/pages\/140\/revisions\/563"}],"wp:attachment":[{"href":"https:\/\/dfvg.grafrath-staedtepartner.de\/index.php?rest_route=%2Fwp%2Fv2%2Fmedia&parent=140"}],"curies":[{"name":"wp","href":"https:\/\/api.w.org\/{rel}","templated":true}]}}